{"id":394,"date":"2020-10-14T09:59:59","date_gmt":"2020-10-14T09:59:59","guid":{"rendered":"https:\/\/pfisterchocolatier.ch\/homepage\/"},"modified":"2025-09-06T10:32:52","modified_gmt":"2025-09-06T10:32:52","slug":"homepage","status":"publish","type":"page","link":"https:\/\/pfisterchocolatier.ch\/de\/","title":{"rendered":"Homepage"},"content":{"rendered":"<p>Seit 1951 dreht sich das Image von Pfister Chocolatier um mehrere Spezialit\u00e4ten <strong>mit den besten Schokoladen<\/strong>.<br \/>\nEiner der ersten Erfolge waren und sind auch heute noch die Cocktails oder die kleinen Flaschen, gef\u00fcllt mit Lik\u00f6r, ohne Zuckerkruste.<\/p>\n<p>Im Laufe seiner Entwicklung erg\u00e4nzte Pfister Chocolatier sein Sortiment mit Schokoladenhohlformen, wie z.B. Dekorationen f\u00fcr Weihnachtsb\u00e4ume und Osterhasen.<br \/>\nHeute bietet <strong>Pfister eine breite Palette von Pralinen an, von denen eine k\u00f6stlicher ist als die andere<\/strong> (Tr\u00fcffel, Pralinen usw.).<\/p>\n<p>Pfister hat sich entschieden, mit Schokolade aus streng ausgew\u00e4hlten Kakaobohnen aus Ecuador zu arbeiten, um <strong>die Herstellung von Qualit\u00e4tsschokolade zu garantieren.<\/strong><\/p>\n","protected":false},"excerpt":{"rendered":"<p>Seit 1951 dreht sich das Image von Pfister Chocolatier um mehrere Spezialit\u00e4ten mit den besten Schokoladen. Einer der ersten Erfolge&#8230;<a class=\"read-more\" href=\"https:\/\/pfisterchocolatier.ch\/de\/\">Lire la suite<\/a><\/p>\n","protected":false},"author":3,"featured_media":0,"parent":0,"menu_order":0,"comment_status":"closed","ping_status":"closed","template":"homepage.php","meta":{"_acf_changed":false,"_seopress_robots_primary_cat":"","_seopress_titles_title":"Pfister, Chocolatier seit 1951 - K\u00f6stliche Schokolade","_seopress_titles_desc":"Heute bietet Pfister eine breite Palette von Pralinen an, von denen eine k\u00f6stlicher ist als die andere (Tr\u00fcffel, Pralinen usw.). Ohne M\u00e4\u00dfigung zu konsumieren!","_seopress_robots_index":"","footnotes":""},"class_list":["post-394","page","type-page","status-publish","hentry"],"acf":[],"_links":{"self":[{"href":"https:\/\/pfisterchocolatier.ch\/de\/wp-json\/wp\/v2\/pages\/394","targetHints":{"allow":["GET"]}}],"collection":[{"href":"https:\/\/pfisterchocolatier.ch\/de\/wp-json\/wp\/v2\/pages"}],"about":[{"href":"https:\/\/pfisterchocolatier.ch\/de\/wp-json\/wp\/v2\/types\/page"}],"author":[{"embeddable":true,"href":"https:\/\/pfisterchocolatier.ch\/de\/wp-json\/wp\/v2\/users\/3"}],"replies":[{"embeddable":true,"href":"https:\/\/pfisterchocolatier.ch\/de\/wp-json\/wp\/v2\/comments?post=394"}],"version-history":[{"count":11,"href":"https:\/\/pfisterchocolatier.ch\/de\/wp-json\/wp\/v2\/pages\/394\/revisions"}],"predecessor-version":[{"id":130883,"href":"https:\/\/pfisterchocolatier.ch\/de\/wp-json\/wp\/v2\/pages\/394\/revisions\/130883"}],"wp:attachment":[{"href":"https:\/\/pfisterchocolatier.ch\/de\/wp-json\/wp\/v2\/media?parent=394"}],"curies":[{"name":"wp","href":"https:\/\/api.w.org\/{rel}","templated":true}]}}