{"id":430,"date":"2020-10-14T10:27:25","date_gmt":"2020-10-14T10:27:25","guid":{"rendered":"https:\/\/pfisterchocolatier.ch\/geschaeftsbereich\/"},"modified":"2020-11-23T12:44:32","modified_gmt":"2020-11-23T12:44:32","slug":"geschaeftsbereich","status":"publish","type":"page","link":"https:\/\/pfisterchocolatier.ch\/de\/geschaeftsbereich\/","title":{"rendered":"Gesch\u00e4ftsbereich"},"content":{"rendered":"<h2 style=\"text-align: center;\"><b>Bieten Sie eine gro\u00dfe Auswahl an Pralinen an, von denen eine k\u00f6stlicher ist als die andere.<\/b><\/h2>\n<p>&nbsp;<\/p>\n<p style=\"text-align: center;\"><span style=\"font-weight: 400;\">Suchen Sie ein <strong>Gourmetgeschenk<\/strong>, das<strong> die Geschmacksnerven Ihrer Mitarbeiter erfreut<\/strong>? Wir h\u00f6ren Ihnen zu, und wir werden alles tun, um Ihre Erwartungen zu erf\u00fcllen.<\/span><\/p>\n<p style=\"text-align: center;\"><span style=\"font-weight: 400;\">Ob f\u00fcr einen Betriebsrat, ein Seminar oder als Dankesch\u00f6n an Ihre Mitarbeiter und zur Kundenbindung: Pfister Chocolatier h\u00e4lt eine breite Palette an K\u00f6stlichkeiten f\u00fcr Sie bereit, um das Image Ihres Unternehmens aufzuwerten.<\/span><\/p>\n<p style=\"text-align: center;\"><span style=\"font-weight: 400;\">Was auch immer Ihre Ambitionen und Ihr Budget sein m\u00f6gen, kontaktieren Sie uns, um Ihr Projekt zu verfeinern.<\/span><\/p>\n<p style=\"text-align: center;\">\n<div class=\"wpcf7 no-js\" id=\"wpcf7-f529-o1\" lang=\"de-DE\" dir=\"ltr\" data-wpcf7-id=\"529\">\n<div class=\"screen-reader-response\"><p role=\"status\" aria-live=\"polite\" aria-atomic=\"true\"><\/p> <ul><\/ul><\/div>\n<form action=\"\/de\/wp-json\/wp\/v2\/pages\/430#wpcf7-f529-o1\" method=\"post\" class=\"wpcf7-form init\" aria-label=\"Kontaktformular\" novalidate=\"novalidate\" data-status=\"init\">\n<fieldset class=\"hidden-fields-container\"><input type=\"hidden\" name=\"_wpcf7\" value=\"529\" \/><input type=\"hidden\" name=\"_wpcf7_version\" value=\"6.1.5\" \/><input type=\"hidden\" name=\"_wpcf7_locale\" value=\"de_DE\" \/><input type=\"hidden\" name=\"_wpcf7_unit_tag\" value=\"wpcf7-f529-o1\" \/><input type=\"hidden\" name=\"_wpcf7_container_post\" value=\"0\" \/><input type=\"hidden\" name=\"_wpcf7_posted_data_hash\" value=\"\" \/><input type=\"hidden\" name=\"_wpcf7_recaptcha_response\" value=\"\" \/>\n<\/fieldset>\n<p><label> Ihr Name<br \/>\n<span class=\"wpcf7-form-control-wrap\" data-name=\"your-name\"><input size=\"40\" maxlength=\"400\" class=\"wpcf7-form-control wpcf7-text wpcf7-validates-as-required\" aria-required=\"true\" aria-invalid=\"false\" value=\"\" type=\"text\" name=\"your-name\" \/><\/span> <\/label>\n<\/p>\n<p><label> Ihre E-Mail-Adresse<br \/>\n<span class=\"wpcf7-form-control-wrap\" data-name=\"your-email\"><input size=\"40\" maxlength=\"400\" class=\"wpcf7-form-control wpcf7-email wpcf7-validates-as-required wpcf7-text wpcf7-validates-as-email\" aria-required=\"true\" aria-invalid=\"false\" value=\"\" type=\"email\" name=\"your-email\" \/><\/span> <\/label>\n<\/p>\n<p><label> Das Thema Ihrer Anfrage<br \/>\n<span class=\"wpcf7-form-control-wrap\" data-name=\"your-subject\"><input size=\"40\" maxlength=\"400\" class=\"wpcf7-form-control wpcf7-text\" aria-invalid=\"false\" value=\"\" type=\"text\" name=\"your-subject\" \/><\/span> <\/label>\n<\/p>\n<p><label> Ihre Nachricht<br \/>\n<span class=\"wpcf7-form-control-wrap\" data-name=\"your-message\"><textarea cols=\"40\" rows=\"10\" maxlength=\"2000\" class=\"wpcf7-form-control wpcf7-textarea\" aria-invalid=\"false\" name=\"your-message\"><\/textarea><\/span> <\/label>\n<\/p>\n<p><small><label>[checkbox* checkbox-232 \"Ich habe die Datenschutzrichtlinien der Website gelesen und akzeptiere sie. Ich nehme zur Kenntnis, dass bei der \u00dcbermittlung von Daten \u00fcber dieses Kontaktformular und nach dem Klicken auf die Schaltfl\u00e4che \"Senden\" meine pers\u00f6nlichen Daten nur an den Website-Verantwortlichen weitergeleitet werden, um ihm zu erm\u00f6glichen, mir zu antworten.\"]<\/label><\/small>\n<\/p>\n<p><input class=\"wpcf7-form-control wpcf7-submit has-spinner\" type=\"submit\" value=\"Meine Nachricht senden\" \/>\n<\/p><div class=\"wpcf7-response-output\" aria-hidden=\"true\"><\/div>\n<\/form>\n<\/div>\n<\/p>\n","protected":false},"excerpt":{"rendered":"<p>Bieten Sie eine gro\u00dfe Auswahl an Pralinen an, von denen eine k\u00f6stlicher ist als die andere. &nbsp; Suchen Sie ein&#8230;<a class=\"read-more\" href=\"https:\/\/pfisterchocolatier.ch\/de\/geschaeftsbereich\/\">Lire la suite<\/a><\/p>\n","protected":false},"author":3,"featured_media":0,"parent":0,"menu_order":0,"comment_status":"closed","ping_status":"closed","template":"","meta":{"_acf_changed":false,"_seopress_robots_primary_cat":"","_seopress_titles_title":"","_seopress_titles_desc":"Suchen Sie ein Gourmetgeschenk, das die Geschmacksnerven Ihrer Mitarbeiter erfreut? Wir h\u00f6ren Ihnen zu, und wir werden alles tun, um Ihre Erwartungen zu erf\u00fcllen.","_seopress_robots_index":"","footnotes":""},"class_list":["post-430","page","type-page","status-publish","hentry"],"acf":[],"_links":{"self":[{"href":"https:\/\/pfisterchocolatier.ch\/de\/wp-json\/wp\/v2\/pages\/430","targetHints":{"allow":["GET"]}}],"collection":[{"href":"https:\/\/pfisterchocolatier.ch\/de\/wp-json\/wp\/v2\/pages"}],"about":[{"href":"https:\/\/pfisterchocolatier.ch\/de\/wp-json\/wp\/v2\/types\/page"}],"author":[{"embeddable":true,"href":"https:\/\/pfisterchocolatier.ch\/de\/wp-json\/wp\/v2\/users\/3"}],"replies":[{"embeddable":true,"href":"https:\/\/pfisterchocolatier.ch\/de\/wp-json\/wp\/v2\/comments?post=430"}],"version-history":[{"count":4,"href":"https:\/\/pfisterchocolatier.ch\/de\/wp-json\/wp\/v2\/pages\/430\/revisions"}],"predecessor-version":[{"id":530,"href":"https:\/\/pfisterchocolatier.ch\/de\/wp-json\/wp\/v2\/pages\/430\/revisions\/530"}],"wp:attachment":[{"href":"https:\/\/pfisterchocolatier.ch\/de\/wp-json\/wp\/v2\/media?parent=430"}],"curies":[{"name":"wp","href":"https:\/\/api.w.org\/{rel}","templated":true}]}}