{"id":569,"date":"2020-10-14T12:49:30","date_gmt":"2020-10-14T12:49:30","guid":{"rendered":"https:\/\/pfisterchocolatier.ch\/impressum\/"},"modified":"2024-05-23T09:45:48","modified_gmt":"2024-05-23T09:45:48","slug":"impressum","status":"publish","type":"page","link":"https:\/\/pfisterchocolatier.ch\/de\/impressum\/","title":{"rendered":"Impressum"},"content":{"rendered":"<h3>KREDITEN<\/h3>\n<p>Website-Gestaltung, Grafik und Ergonomie : <a href=\"https:\/\/agence-de-communication.alsace\">NEOH &#8211; Creative Agency<span class=\"Apple-converted-space\">\u00a0<\/span><\/a><\/p>\n<h3>REDAKTION<\/h3>\n<p>Die Pfister Chocolatier-Website https:\/\/pfisterchocolatier.ch wird von SCHOGGI-LAND CHREIF &#8211; <span lang=\"FR-CH\">Birchlenstrasse 23a &#8211; 8600 D\u00fcbendorf<\/span> &#8211; SCHWEIZ verwaltet.<br \/>\nEmail : info@schoggi-land.com<br \/>\nGesetzlicher Vertreter: Mohamad Chreif.<br \/>\nDer Kundenservice in Bezug auf die Website https:\/\/pfisterchocolatier.ch ist telefonisch unter 41 52 355 50 50 von Montag bis Freitag von 08:00 bis 17:00 Uhr erreichbar.<\/p>\n<h3>GASTGEBER<\/h3>\n<p>Die Website pfisterchocolatier.ch wird von der Firma GROUPE OCI, Soci\u00e9t\u00e9 par actions simplifi\u00e9e, inscrite au RCS de Strasbourg sous le n\u00b0 502 770 118, dont le si\u00e8ge social est situ\u00e9 2 rue Amp\u00e8re 67450 Mundolsheim.<br \/>\nCoordonn\u00e9es :<br \/>\n\u2022 T\u00e9l\u00e9phone : 09 69 39 40 60<br \/>\n\u2022 Adresse e-mail : info@oci.fr. &#8211; Frankreich.<\/p>\n<h3>GEISTIGES EIGENTUM<\/h3>\n<p>Die allgemeine Struktur der Website pfisterchocolatier.ch sowie die Texte, Grafiken, Bilder, T\u00f6ne und Videos, aus denen sie besteht, sind Eigentum der Firma <span lang=\"FR-CH\">CSCC COMPAGNIE DE CHOCOLATS ET CONFISERIES AG<\/span> oder ihrer Partner. Jegliche Darstellung und\/oder Reproduktion und\/oder teilweise oder vollst\u00e4ndige Nutzung dieser Website, durch welches Verfahren auch immer, ohne die vorherige schriftliche Genehmigung der Firma <span lang=\"FR-CH\">CSCC COMPAGNIE DE CHOCOLATS ET CONFISERIES AG<\/span> oder ihrer Partner ist streng verboten und w\u00fcrde wahrscheinlich eine Verletzung im Sinne der Artikel L 335-2 ff. des Gesetzes \u00fcber geistiges Eigentum darstellen.<span class=\"Apple-converted-space\">\u00a0<\/span><\/p>\n<h3>DATENSCHUTZ- UND INFORMATIONSFREIHEITSGESETZ<\/h3>\n<p>Ihre E-Mail-Adresse kann von <span lang=\"FR-CH\">CSCC COMPAGNIE DE CHOCOLATS ET CONFISERIES AG<\/span> zu dem alleinigen Zweck aufbewahrt werden, Sie zu informieren oder Ihre auf der Website vorgenommenen Reservierungen zu verwalten. Sie k\u00f6nnen den Newsletter jederzeit abbestellen. Ohne Ihr Wissen werden keine pers\u00f6nlichen Informationen gesammelt. Es werden keine pers\u00f6nlichen Informationen an Dritte weitergegeben. Wir erinnern Sie daran, dass Sie das Recht auf Zugang, \u00c4nderung, Berichtigung und L\u00f6schung der Sie betreffenden Daten haben (Gesetz Nr. 78-17 vom 6. Januar 1978, ge\u00e4ndert durch Gesetz Nr. 2004-575 vom 21. Juni 2004). Weitere Einzelheiten entnehmen Sie bitte unserer Datenschutzerkl\u00e4rung.<\/p>\n<h3>VERANTWORTLICHKEITEN<\/h3>\n<p>Diese Website ist bestrebt, zuverl\u00e4ssige und aktuelle Informationen bereitzustellen. Trotz unserer Wachsamkeit k\u00f6nnen sich Fehler in unsere Seiten eingeschlichen haben. Wir entschuldigen uns f\u00fcr solche Fehler: Wir k\u00f6nnen weder f\u00fcr die Verwendung dieser Informationen noch f\u00fcr direkte oder indirekte Sch\u00e4den, die sich aus der Verwendung dieser Informationen ergeben k\u00f6nnten, haftbar gemacht werden.<\/p>\n<p>Die m\u00f6glicherweise auf dieser Website genannten Preise k\u00f6nnen ohne vorherige Ank\u00fcndigung ge\u00e4ndert werden, und die Verf\u00fcgbarkeit der auf der Website angebotenen Produkte kann nicht garantiert werden.<span class=\"Apple-converted-space\">\u00a0<\/span><\/p>\n<p>Die Fotos der Produkte sowie alle visuellen Quellen dieser Website sind nicht vertraglich festgelegt.<\/p>\n<p>Alle Hypertext-Links, die auf andere Websites oder andere Internetquellen verweisen, bed\u00fcrfen der schriftlichen Genehmigung von <span lang=\"FR-CH\">CSCC COMPAGNIE DE CHOCOLATS ET CONFISERIES AG<\/span> und unterliegen der ausschlie\u00dflichen \u00dcberpr\u00fcfung durch die Firma Pfister Chocolatier.<br \/>\n<span lang=\"FR-CH\">CSCC COMPAGNIE DE CHOCOLATS ET CONFISERIES AG<\/span> kann nicht f\u00fcr die Verf\u00fcgbarkeit interner und externer Ressourcen verantwortlich gemacht werden und kann nicht haftbar gemacht werden f\u00fcr den Inhalt, die Werbung, Produkte, Dienstleistungen oder anderes Material, das auf oder von diesen Websites oder internen und externen Quellen verf\u00fcgbar ist.<br \/>\nEbenso \u00fcbernimmt <span lang=\"FR-CH\">CSCC COMPAGNIE DE CHOCOLATS ET CONFISERIES AG<\/span>, soweit gesetzlich zul\u00e4ssig, keine Haftung f\u00fcr den Fall, dass der Inhalt dieser anderen Websites gegen die geltenden Rechts- und Verwaltungsvorschriften verst\u00f6\u00dft.<\/p>\n<p><span lang=\"FR-CH\">CSCC COMPAGNIE DE CHOCOLATS ET CONFISERIES AG<\/span> trifft alle Vorsichtsmassnahmen, um sicherzustellen, dass der Inhalt der Website nicht gegen die \u00f6ffentliche Ordnung und die guten Sitten verst\u00f6sst. Wenn jedoch Ideen oder Bilder bestimmte besonders empfindliche Personen beleidigen, haftet <span lang=\"FR-CH\">CSCC COMPAGNIE DE CHOCOLATS ET CONFISERIES AG<\/span> nicht f\u00fcr diese.<\/p>\n<p>Ebenso kann Pfister Chocolatier nicht haftbar gemacht werden im Falle einer Kontamination der Computerausr\u00fcstung von Internetbenutzern infolge der Verbreitung eines Virus oder anderer Computerinfektionen.<\/p>\n<p>Als Benutzer der Website liegt es in Ihrer Verantwortung, alle geeigneten Ma\u00dfnahmen zu ergreifen, um Ihre eigenen Daten und\/oder Software vor der Kontamination durch m\u00f6gliche im Internet zirkulierende Viren zu sch\u00fctzen.<\/p>\n<p>F\u00fcr jede Bemerkung bez\u00fcglich m\u00f6glicher Fehlfunktionen der Website kontaktieren Sie uns bitte so schnell wie m\u00f6glich, damit wir die gew\u00fcnschten \u00c4nderungen vornehmen k\u00f6nnen.<\/p>\n","protected":false},"excerpt":{"rendered":"<p>KREDITEN Website-Gestaltung, Grafik und Ergonomie : NEOH &#8211; Creative Agency\u00a0 REDAKTION Die Pfister Chocolatier-Website https:\/\/pfisterchocolatier.ch wird von SCHOGGI-LAND CHREIF &#8211;&#8230;<a class=\"read-more\" href=\"https:\/\/pfisterchocolatier.ch\/de\/impressum\/\">Lire la suite<\/a><\/p>\n","protected":false},"author":3,"featured_media":0,"parent":0,"menu_order":0,"comment_status":"closed","ping_status":"closed","template":"","meta":{"_acf_changed":false,"_seopress_robots_primary_cat":"","_seopress_titles_title":"","_seopress_titles_desc":"","_seopress_robots_index":"yes","footnotes":""},"class_list":["post-569","page","type-page","status-publish","hentry"],"acf":[],"_links":{"self":[{"href":"https:\/\/pfisterchocolatier.ch\/de\/wp-json\/wp\/v2\/pages\/569","targetHints":{"allow":["GET"]}}],"collection":[{"href":"https:\/\/pfisterchocolatier.ch\/de\/wp-json\/wp\/v2\/pages"}],"about":[{"href":"https:\/\/pfisterchocolatier.ch\/de\/wp-json\/wp\/v2\/types\/page"}],"author":[{"embeddable":true,"href":"https:\/\/pfisterchocolatier.ch\/de\/wp-json\/wp\/v2\/users\/3"}],"replies":[{"embeddable":true,"href":"https:\/\/pfisterchocolatier.ch\/de\/wp-json\/wp\/v2\/comments?post=569"}],"version-history":[{"count":8,"href":"https:\/\/pfisterchocolatier.ch\/de\/wp-json\/wp\/v2\/pages\/569\/revisions"}],"predecessor-version":[{"id":68197,"href":"https:\/\/pfisterchocolatier.ch\/de\/wp-json\/wp\/v2\/pages\/569\/revisions\/68197"}],"wp:attachment":[{"href":"https:\/\/pfisterchocolatier.ch\/de\/wp-json\/wp\/v2\/media?parent=569"}],"curies":[{"name":"wp","href":"https:\/\/api.w.org\/{rel}","templated":true}]}}