{"id":79818,"date":"2024-09-11T13:17:07","date_gmt":"2024-09-11T13:17:07","guid":{"rendered":"https:\/\/pfisterchocolatier.ch\/boutique\/unkategorisiert\/batons-kirsch-lait-en-sachet-de-150g-fourrees-a-la-liqueur\/"},"modified":"2024-12-14T04:18:34","modified_gmt":"2024-12-14T04:18:34","slug":"batons-kirsch-lait-en-sachet-de-150g-fourrees-a-la-liqueur","status":"publish","type":"product","link":"https:\/\/pfisterchocolatier.ch\/de\/boutique\/pralinen-mit-alkohol\/batons-kirsch-lait-en-sachet-de-150g-fourrees-a-la-liqueur\/","title":{"rendered":"Kirschst\u00e4ngeli 150g Milch glatt mit fl\u00fcssiger Kirschf\u00fcllung"},"content":{"rendered":"<p>Kirschst\u00e4ngeli 150g Milch glatt mit fl\u00fcssiger Kirschf\u00fcllung<\/p>\n","protected":false},"excerpt":{"rendered":"<p>Kirschst\u00e4ngeli 150g Milch glatt mit fl\u00fcssiger Kirschf\u00fcllung<\/p>\n","protected":false},"featured_media":79802,"template":"","meta":{"_acf_changed":false,"_seopress_robots_primary_cat":"none","_seopress_titles_title":"","_seopress_titles_desc":"","_seopress_robots_index":""},"product_brand":[],"product_cat":[49],"product_tag":[],"class_list":{"0":"post-79818","1":"product","2":"type-product","3":"status-publish","4":"has-post-thumbnail","6":"product_cat-pralinen-mit-alkohol","8":"first","9":"instock","10":"taxable","11":"shipping-taxable","12":"purchasable","13":"product-type-simple"},"acf":[],"_links":{"self":[{"href":"https:\/\/pfisterchocolatier.ch\/de\/wp-json\/wp\/v2\/product\/79818","targetHints":{"allow":["GET"]}}],"collection":[{"href":"https:\/\/pfisterchocolatier.ch\/de\/wp-json\/wp\/v2\/product"}],"about":[{"href":"https:\/\/pfisterchocolatier.ch\/de\/wp-json\/wp\/v2\/types\/product"}],"wp:featuredmedia":[{"embeddable":true,"href":"https:\/\/pfisterchocolatier.ch\/de\/wp-json\/wp\/v2\/media\/79802"}],"wp:attachment":[{"href":"https:\/\/pfisterchocolatier.ch\/de\/wp-json\/wp\/v2\/media?parent=79818"}],"wp:term":[{"taxonomy":"product_brand","embeddable":true,"href":"https:\/\/pfisterchocolatier.ch\/de\/wp-json\/wp\/v2\/product_brand?post=79818"},{"taxonomy":"product_cat","embeddable":true,"href":"https:\/\/pfisterchocolatier.ch\/de\/wp-json\/wp\/v2\/product_cat?post=79818"},{"taxonomy":"product_tag","embeddable":true,"href":"https:\/\/pfisterchocolatier.ch\/de\/wp-json\/wp\/v2\/product_tag?post=79818"}],"curies":[{"name":"wp","href":"https:\/\/api.w.org\/{rel}","templated":true}]}}